{"id":491,"date":"2025-12-21T16:18:39","date_gmt":"2025-12-21T16:18:39","guid":{"rendered":"https:\/\/www.croisette-international.com\/blog\/?page_id=491"},"modified":"2025-12-22T12:35:58","modified_gmt":"2025-12-22T12:35:58","slug":"blog","status":"publish","type":"page","link":"https:\/\/www.croisette-international.com\/blog\/","title":{"rendered":"Blog"},"content":{"rendered":"<div class=\"et_pb_section_0 et_pb_section et_section_regular et_block_section\">\n<div class=\"et_pb_row_0 et_pb_row et_pb_gutters3 et_block_row\">\n<div class=\"et_pb_column_0 et_pb_column et_pb_column_4_4 et-last-child et_block_column et_pb_css_mix_blend_mode_passthrough\">\n<div class=\"et_pb_text_0 et_pb_text et_pb_bg_layout_dark et_animated et_pb_module et_block_module\"><div class=\"et_pb_text_inner\"><h1>\u00a0Bienvenue sur notre blog <span>Immobilier\u00a0<\/span><\/h1>\n<p><span>Investissement, Finance, Travaux et Tendances Locales. Le BLOG immo pour r\u00e9ussir vos projets sur la C\u00f4te d&rsquo;Azur et ailleurs.<\/span><\/p>\n<\/div><\/div>\n<\/div>\n<\/div>\n<\/div>\n\n<div class=\"et_pb_section_1 et_pb_section et_section_regular et_block_section\">\n<div class=\"et_pb_row_1 et_pb_row et_pb_gutters3 et_block_row\">\n<div class=\"et_pb_column_1 et_pb_column et_pb_column_4_4 et-last-child et_block_column et_pb_css_mix_blend_mode_passthrough\">\n<div class=\"et_pb_blog_0 et_pb_blog et_pb_bg_layout_light et_pb_posts et_animated et_pb_module\"><div class=\"et_pb_ajax_pagination_container\"><div class=\"et_pb_posts et_grid_module\"><article class=\"et_pb_post et_pb_post_id_27995 clearfix et_pb_blog_item_0_0 post-27995 post type-post status-publish format-standard has-post-thumbnail hentry category-art-de-vivre-lifestyle\"><div class=\"et_pb_image_container\"><a href=\"https:\/\/www.croisette-international.com\/blog\/love-room-marseille\/\" class=\"entry-featured-image-url\"><img loading=\"lazy\" decoding=\"async\" src=\"https:\/\/www.croisette-international.com\/blog\/wp-content\/uploads\/2026\/01\/72gw8gwp_ve.jpg\" width=\"400\" height=\"284\" alt=\"sillouehtte photo of woman standing beside window curtains\" class=\"\" srcset=\"https:\/\/www.croisette-international.com\/blog\/wp-content\/uploads\/2026\/01\/72gw8gwp_ve.jpg 479w, https:\/\/www.croisette-international.com\/blog\/wp-content\/uploads\/2026\/01\/72gw8gwp_ve-400x284.jpg 480w\" sizes=\"(max-width:479px) 479px, 100vw\" \/><span data-icon=\"\ue050\" class=\"et_overlay et_pb_inline_icon\"><\/span><\/a><\/div><h2 class=\"entry-title\"><a href=\"https:\/\/www.croisette-international.com\/blog\/love-room-marseille\/\">Love Room Marseille: Jacuzzi Privatif, Romantique &#038; Inoubliable<\/a><\/h2><p class=\"post-meta\"><span class=\"published\">Jan 26, 2026<\/span> | <span class=\"entry-categories\"><a href=\"https:\/\/www.croisette-international.com\/blog\/category\/art-de-vivre-lifestyle\/\" rel=\"tag\">Art de vivre et Lifestyle<\/a><\/span> | <span class=\"entry-comments\">0 Comments<\/span><\/p><div class=\"post-content\"><div class=\"post-content-inner\"><p>Love room Marseille avec jacuzzi privatif pour une escapade romantique inoubliable. R\u00e9server votre nuit et vivez une exp\u00e9rience unique. Maison d&rsquo;h\u00f4tes privatif.<\/p>\n<\/div><\/div><\/article><article class=\"et_pb_post et_pb_post_id_27979 clearfix et_pb_blog_item_0_1 post-27979 post type-post status-publish format-standard has-post-thumbnail hentry category-uncategorized\"><div class=\"et_pb_image_container\"><a href=\"https:\/\/www.croisette-international.com\/blog\/fiscalite-location-vacances\/\" class=\"entry-featured-image-url\"><img loading=\"lazy\" decoding=\"async\" src=\"https:\/\/www.croisette-international.com\/blog\/wp-content\/uploads\/2026\/01\/fiscalite-location-vacances.jpeg\" width=\"400\" height=\"284\" alt=\"fiscalit\u00e9 location vacances\" class=\"\" srcset=\"https:\/\/www.croisette-international.com\/blog\/wp-content\/uploads\/2026\/01\/fiscalite-location-vacances.jpeg 479w, https:\/\/www.croisette-international.com\/blog\/wp-content\/uploads\/2026\/01\/fiscalite-location-vacances-400x284.jpeg 480w\" sizes=\"(max-width:479px) 479px, 100vw\" \/><span data-icon=\"\ue050\" class=\"et_overlay et_pb_inline_icon\"><\/span><\/a><\/div><h2 class=\"entry-title\"><a href=\"https:\/\/www.croisette-international.com\/blog\/fiscalite-location-vacances\/\">La fiscalit\u00e9 location vacances en France : guide complet<\/a><\/h2><p class=\"post-meta\"><span class=\"published\">Jan 14, 2026<\/span> | <span class=\"entry-categories\"><a href=\"https:\/\/www.croisette-international.com\/blog\/category\/uncategorized\/\" rel=\"tag\">Uncategorized<\/a><\/span> | <span class=\"entry-comments\">0 Comments<\/span><\/p><div class=\"post-content\"><div class=\"post-content-inner\"><p>Fiscalit\u00e9 location vacances en France : notre guide complet pour comprendre les imp\u00f4ts et taxes. Informations utiles pour les propri\u00e9taires de locations de vacances.<\/p>\n<\/div><\/div><\/article><article class=\"et_pb_post et_pb_post_id_27967 clearfix et_pb_blog_item_0_2 post-27967 post type-post status-publish format-standard has-post-thumbnail hentry category-uncategorized\"><div class=\"et_pb_image_container\"><a href=\"https:\/\/www.croisette-international.com\/blog\/tarif-taxe-fonciere\/\" class=\"entry-featured-image-url\"><img loading=\"lazy\" decoding=\"async\" src=\"https:\/\/www.croisette-international.com\/blog\/wp-content\/uploads\/2026\/01\/tarif-taxe-fonciere.jpeg\" width=\"400\" height=\"284\" alt=\"tarif taxe fonci\u00e8re\" class=\"\" srcset=\"https:\/\/www.croisette-international.com\/blog\/wp-content\/uploads\/2026\/01\/tarif-taxe-fonciere.jpeg 479w, https:\/\/www.croisette-international.com\/blog\/wp-content\/uploads\/2026\/01\/tarif-taxe-fonciere-400x284.jpeg 480w\" sizes=\"(max-width:479px) 479px, 100vw\" \/><span data-icon=\"\ue050\" class=\"et_overlay et_pb_inline_icon\"><\/span><\/a><\/div><h2 class=\"entry-title\"><a href=\"https:\/\/www.croisette-international.com\/blog\/tarif-taxe-fonciere\/\">Tarif Taxe Fonci\u00e8re : Explications, Calcul et \u00c9ch\u00e9ances<\/a><\/h2><p class=\"post-meta\"><span class=\"published\">Jan 14, 2026<\/span> | <span class=\"entry-categories\"><a href=\"https:\/\/www.croisette-international.com\/blog\/category\/uncategorized\/\" rel=\"tag\">Uncategorized<\/a><\/span> | <span class=\"entry-comments\">0 Comments<\/span><\/p><div class=\"post-content\"><div class=\"post-content-inner\"><p>Comprendre le tarif taxe fonci\u00e8re : guide pratique pour calculer et anticiper vos imp\u00f4ts fonciers avec pr\u00e9cision.<\/p>\n<\/div><\/div><\/article><article class=\"et_pb_post et_pb_post_id_27951 clearfix et_pb_blog_item_0_3 post-27951 post type-post status-publish format-standard has-post-thumbnail hentry category-marche-investissement\"><div class=\"et_pb_image_container\"><a href=\"https:\/\/www.croisette-international.com\/blog\/reduction-taxe-fonciere\/\" class=\"entry-featured-image-url\"><img loading=\"lazy\" decoding=\"async\" src=\"https:\/\/www.croisette-international.com\/blog\/wp-content\/uploads\/2026\/01\/reduction-taxe-fonciere.jpeg\" width=\"400\" height=\"284\" alt=\"r\u00e9duction taxe fonci\u00e8re\" class=\"\" srcset=\"https:\/\/www.croisette-international.com\/blog\/wp-content\/uploads\/2026\/01\/reduction-taxe-fonciere.jpeg 479w, https:\/\/www.croisette-international.com\/blog\/wp-content\/uploads\/2026\/01\/reduction-taxe-fonciere-400x284.jpeg 480w\" sizes=\"(max-width:479px) 479px, 100vw\" \/><span data-icon=\"\ue050\" class=\"et_overlay et_pb_inline_icon\"><\/span><\/a><\/div><h2 class=\"entry-title\"><a href=\"https:\/\/www.croisette-international.com\/blog\/reduction-taxe-fonciere\/\">Guide pour obtenir une r\u00e9duction taxe fonci\u00e8re<\/a><\/h2><p class=\"post-meta\"><span class=\"published\">Jan 14, 2026<\/span> | <span class=\"entry-categories\"><a href=\"https:\/\/www.croisette-international.com\/blog\/category\/marche-investissement\/\" rel=\"tag\">March\u00e9 et Investissement<\/a><\/span> | <span class=\"entry-comments\">0 Comments<\/span><\/p><div class=\"post-content\"><div class=\"post-content-inner\"><p>D\u00e9couvrez comment obtenir une r\u00e9duction taxe fonci\u00e8re gr\u00e2ce \u00e0 notre guide \u00e9tape par \u00e9tape. Conseils pratiques pour r\u00e9duire vos imp\u00f4ts locaux.<\/p>\n<\/div><\/div><\/article><article class=\"et_pb_post et_pb_post_id_27939 clearfix et_pb_blog_item_0_4 post-27939 post type-post status-publish format-standard has-post-thumbnail hentry category-marche-investissement\"><div class=\"et_pb_image_container\"><a href=\"https:\/\/www.croisette-international.com\/blog\/declaration-impots-location\/\" class=\"entry-featured-image-url\"><img loading=\"lazy\" decoding=\"async\" src=\"https:\/\/www.croisette-international.com\/blog\/wp-content\/uploads\/2026\/01\/declaration-impots-location.jpeg\" width=\"400\" height=\"284\" alt=\"d\u00e9claration imp\u00f4ts location\" class=\"\" srcset=\"https:\/\/www.croisette-international.com\/blog\/wp-content\/uploads\/2026\/01\/declaration-impots-location.jpeg 479w, https:\/\/www.croisette-international.com\/blog\/wp-content\/uploads\/2026\/01\/declaration-impots-location-400x284.jpeg 480w\" sizes=\"(max-width:479px) 479px, 100vw\" \/><span data-icon=\"\ue050\" class=\"et_overlay et_pb_inline_icon\"><\/span><\/a><\/div><h2 class=\"entry-title\"><a href=\"https:\/\/www.croisette-international.com\/blog\/declaration-impots-location\/\">D\u00e9claration imp\u00f4ts location : comment proc\u00e9der ?<\/a><\/h2><p class=\"post-meta\"><span class=\"published\">Jan 14, 2026<\/span> | <span class=\"entry-categories\"><a href=\"https:\/\/www.croisette-international.com\/blog\/category\/marche-investissement\/\" rel=\"tag\">March\u00e9 et Investissement<\/a><\/span> | <span class=\"entry-comments\">0 Comments<\/span><\/p><div class=\"post-content\"><div class=\"post-content-inner\"><p>Comment faire votre d\u00e9claration imp\u00f4ts location ? Notre guide \u00e9tape par \u00e9tape vous aide \u00e0 d\u00e9clarer vos revenus locatifs en toute simplicit\u00e9.<\/p>\n<\/div><\/div><\/article><article class=\"et_pb_post et_pb_post_id_27943 clearfix et_pb_blog_item_0_5 post-27943 post type-post status-publish format-standard has-post-thumbnail hentry category-marche-investissement\"><div class=\"et_pb_image_container\"><a href=\"https:\/\/www.croisette-international.com\/blog\/impot-locatif\/\" class=\"entry-featured-image-url\"><img loading=\"lazy\" decoding=\"async\" src=\"https:\/\/www.croisette-international.com\/blog\/wp-content\/uploads\/2026\/01\/impot-locatif.jpeg\" width=\"400\" height=\"284\" alt=\"imp\u00f4t locatif\" class=\"\" srcset=\"https:\/\/www.croisette-international.com\/blog\/wp-content\/uploads\/2026\/01\/impot-locatif.jpeg 479w, https:\/\/www.croisette-international.com\/blog\/wp-content\/uploads\/2026\/01\/impot-locatif-400x284.jpeg 480w\" sizes=\"(max-width:479px) 479px, 100vw\" \/><span data-icon=\"\ue050\" class=\"et_overlay et_pb_inline_icon\"><\/span><\/a><\/div><h2 class=\"entry-title\"><a href=\"https:\/\/www.croisette-international.com\/blog\/impot-locatif\/\">Imp\u00f4t locatif : Tout ce que les propri\u00e9taires doivent savoir<\/a><\/h2><p class=\"post-meta\"><span class=\"published\">Jan 13, 2026<\/span> | <span class=\"entry-categories\"><a href=\"https:\/\/www.croisette-international.com\/blog\/category\/marche-investissement\/\" rel=\"tag\">March\u00e9 et Investissement<\/a><\/span> | <span class=\"entry-comments\">0 Comments<\/span><\/p><div class=\"post-content\"><div class=\"post-content-inner\"><p>Imp\u00f4t locatif : Guide complet pour les propri\u00e9taires. Comment d\u00e9clarer et optimiser votre imp\u00f4t sur les locations.<\/p>\n<\/div><\/div><\/article><article class=\"et_pb_post et_pb_post_id_27975 clearfix et_pb_blog_item_0_6 post-27975 post type-post status-publish format-standard has-post-thumbnail hentry category-uncategorized\"><div class=\"et_pb_image_container\"><a href=\"https:\/\/www.croisette-international.com\/blog\/exoneration-taxe-fonciere-handicape\/\" class=\"entry-featured-image-url\"><img loading=\"lazy\" decoding=\"async\" src=\"https:\/\/www.croisette-international.com\/blog\/wp-content\/uploads\/2026\/01\/exoneration-taxe-fonciere-handicape.jpeg\" width=\"400\" height=\"284\" alt=\"exon\u00e9ration taxe fonci\u00e8re handicap\u00e9\" class=\"\" srcset=\"https:\/\/www.croisette-international.com\/blog\/wp-content\/uploads\/2026\/01\/exoneration-taxe-fonciere-handicape.jpeg 479w, https:\/\/www.croisette-international.com\/blog\/wp-content\/uploads\/2026\/01\/exoneration-taxe-fonciere-handicape-400x284.jpeg 480w\" sizes=\"(max-width:479px) 479px, 100vw\" \/><span data-icon=\"\ue050\" class=\"et_overlay et_pb_inline_icon\"><\/span><\/a><\/div><h2 class=\"entry-title\"><a href=\"https:\/\/www.croisette-international.com\/blog\/exoneration-taxe-fonciere-handicape\/\">Exon\u00e9ration taxe fonci\u00e8re handicap\u00e9 : tout savoir<\/a><\/h2><p class=\"post-meta\"><span class=\"published\">Jan 13, 2026<\/span> | <span class=\"entry-categories\"><a href=\"https:\/\/www.croisette-international.com\/blog\/category\/uncategorized\/\" rel=\"tag\">Uncategorized<\/a><\/span> | <span class=\"entry-comments\">0 Comments<\/span><\/p><div class=\"post-content\"><div class=\"post-content-inner\"><p>\u00ab\u00a0D\u00e9couvrez les conditions d&rsquo;\u00e9ligibilit\u00e9 \u00e0 l&rsquo;exon\u00e9ration taxe fonci\u00e8re handicap\u00e9 et les d\u00e9marches \u00e0 suivre pour en b\u00e9n\u00e9ficier.\u00a0\u00bb<\/p>\n<\/div><\/div><\/article><article class=\"et_pb_post et_pb_post_id_27983 clearfix et_pb_blog_item_0_7 post-27983 post type-post status-publish format-standard has-post-thumbnail hentry category-marche-investissement\"><div class=\"et_pb_image_container\"><a href=\"https:\/\/www.croisette-international.com\/blog\/definition-mitoyennete\/\" class=\"entry-featured-image-url\"><img loading=\"lazy\" decoding=\"async\" src=\"https:\/\/www.croisette-international.com\/blog\/wp-content\/uploads\/2026\/01\/definition-mitoyennete.jpeg\" width=\"400\" height=\"284\" alt=\"d\u00e9finition mitoyennet\u00e9\" class=\"\" srcset=\"https:\/\/www.croisette-international.com\/blog\/wp-content\/uploads\/2026\/01\/definition-mitoyennete.jpeg 479w, https:\/\/www.croisette-international.com\/blog\/wp-content\/uploads\/2026\/01\/definition-mitoyennete-400x284.jpeg 480w\" sizes=\"(max-width:479px) 479px, 100vw\" \/><span data-icon=\"\ue050\" class=\"et_overlay et_pb_inline_icon\"><\/span><\/a><\/div><h2 class=\"entry-title\"><a href=\"https:\/\/www.croisette-international.com\/blog\/definition-mitoyennete\/\">D\u00e9finition mitoyennet\u00e9 : explication d\u00e9taill\u00e9e et exemples<\/a><\/h2><p class=\"post-meta\"><span class=\"published\">Jan 12, 2026<\/span> | <span class=\"entry-categories\"><a href=\"https:\/\/www.croisette-international.com\/blog\/category\/marche-investissement\/\" rel=\"tag\">March\u00e9 et Investissement<\/a><\/span> | <span class=\"entry-comments\">0 Comments<\/span><\/p><div class=\"post-content\"><div class=\"post-content-inner\"><p>La d\u00e9finition mitoyennet\u00e9 expliqu\u00e9e de mani\u00e8re claire et concise, avec des exemples pour illustrer ce concept.<\/p>\n<\/div><\/div><\/article><article class=\"et_pb_post et_pb_post_id_27971 clearfix et_pb_blog_item_0_8 post-27971 post type-post status-publish format-standard has-post-thumbnail hentry category-marche-investissement\"><div class=\"et_pb_image_container\"><a href=\"https:\/\/www.croisette-international.com\/blog\/taxe-habitation-locataire\/\" class=\"entry-featured-image-url\"><img loading=\"lazy\" decoding=\"async\" src=\"https:\/\/www.croisette-international.com\/blog\/wp-content\/uploads\/2026\/01\/taxe-habitation-locataire.jpeg\" width=\"400\" height=\"284\" alt=\"taxe habitation locataire\" class=\"\" srcset=\"https:\/\/www.croisette-international.com\/blog\/wp-content\/uploads\/2026\/01\/taxe-habitation-locataire.jpeg 479w, https:\/\/www.croisette-international.com\/blog\/wp-content\/uploads\/2026\/01\/taxe-habitation-locataire-400x284.jpeg 480w\" sizes=\"(max-width:479px) 479px, 100vw\" \/><span data-icon=\"\ue050\" class=\"et_overlay et_pb_inline_icon\"><\/span><\/a><\/div><h2 class=\"entry-title\"><a href=\"https:\/\/www.croisette-international.com\/blog\/taxe-habitation-locataire\/\">Taxe habitation locataire : Exon\u00e9ration et calcul<\/a><\/h2><p class=\"post-meta\"><span class=\"published\">Jan 12, 2026<\/span> | <span class=\"entry-categories\"><a href=\"https:\/\/www.croisette-international.com\/blog\/category\/marche-investissement\/\" rel=\"tag\">March\u00e9 et Investissement<\/a><\/span> | <span class=\"entry-comments\">0 Comments<\/span><\/p><div class=\"post-content\"><div class=\"post-content-inner\"><p>Taxe habitation locataire : Qui est concern\u00e9 ? Comment est-elle calcul\u00e9e ? Trouvez les r\u00e9ponses \u00e0 vos questions sur l&rsquo;exon\u00e9ration et plus encore.<\/p>\n<\/div><\/div><\/article><\/div><div class=\"pagination clearfix\">\n\t<div class=\"alignleft\"><a href=\"https:\/\/www.croisette-international.com\/blog\/wp-json\/wp\/v2\/pages\/491\/page\/2\/?et_blog\" >&laquo; Entr\u00e9es pr\u00e9c\u00e9dentes<\/a><\/div>\n\t<div class=\"alignright\"><\/div>\n<\/div><\/div><\/div>\n<\/div>\n<\/div>\n<\/div>","protected":false},"excerpt":{"rendered":"","protected":false},"author":1,"featured_media":0,"parent":0,"menu_order":0,"comment_status":"closed","ping_status":"closed","template":"","meta":{"footnotes":""},"class_list":["post-491","page","type-page","status-publish","hentry"],"_links":{"self":[{"href":"https:\/\/www.croisette-international.com\/blog\/wp-json\/wp\/v2\/pages\/491","targetHints":{"allow":["GET"]}}],"collection":[{"href":"https:\/\/www.croisette-international.com\/blog\/wp-json\/wp\/v2\/pages"}],"about":[{"href":"https:\/\/www.croisette-international.com\/blog\/wp-json\/wp\/v2\/types\/page"}],"author":[{"embeddable":true,"href":"https:\/\/www.croisette-international.com\/blog\/wp-json\/wp\/v2\/users\/1"}],"replies":[{"embeddable":true,"href":"https:\/\/www.croisette-international.com\/blog\/wp-json\/wp\/v2\/comments?post=491"}],"version-history":[{"count":7,"href":"https:\/\/www.croisette-international.com\/blog\/wp-json\/wp\/v2\/pages\/491\/revisions"}],"predecessor-version":[{"id":560,"href":"https:\/\/www.croisette-international.com\/blog\/wp-json\/wp\/v2\/pages\/491\/revisions\/560"}],"wp:attachment":[{"href":"https:\/\/www.croisette-international.com\/blog\/wp-json\/wp\/v2\/media?parent=491"}],"curies":[{"name":"wp","href":"https:\/\/api.w.org\/{rel}","templated":true}]}}